{"id":290,"date":"2026-01-13T23:44:30","date_gmt":"2026-01-13T23:44:30","guid":{"rendered":"https:\/\/wordpress-edwyt.wasmer.app\/?page_id=290"},"modified":"2026-01-20T21:14:39","modified_gmt":"2026-01-20T21:14:39","slug":"about","status":"publish","type":"page","link":"https:\/\/www.webfabrica.cl\/?page_id=290","title":{"rendered":"Nosotros"},"content":{"rendered":"\n<div class=\"wp-block-uagb-container uagb-layout-grid uagb-block-60f464b0 alignfull uagb-is-root-container\"><div class=\"uagb-container-inner-blocks-wrap\">      \n\t\t\t<div class=\"uagb-icon-wrapper uagb-block-337c2941      \"\n\t\t\tstyle=\"\" >\n\t\t\t\t\t\t\t\t\t<span class=\"uagb-svg-wrapper\" \n\t\t\t\t\t aria-label=\"chevron-down\"\t\t\t\t\ttabindex=\"0\">\t\t\n\t\t\t\t\t\t\t\t\t\t<svg xmlns=\"https:\/\/www.w3.org\/2000\/svg\" viewBox= \"0 0 448 512\" role=\"graphics-symbol\" aria-hidden=\"false\" aria-label=\"\"><path d=\"M224 416c-8.188 0-16.38-3.125-22.62-9.375l-192-192c-12.5-12.5-12.5-32.75 0-45.25s32.75-12.5 45.25 0L224 338.8l169.4-169.4c12.5-12.5 32.75-12.5 45.25 0s12.5 32.75 0 45.25l-192 192C240.4 412.9 232.2 416 224 416z\"><\/path><\/svg>\n\t\t\t\t\t\t\t\t\t<\/span>\n\t\t\t\t\t\t\t<\/div>\n\t\t\t\n\n\n<div class=\"wp-block-uagb-image uagb-block-58752c0c wp-block-uagb-image--layout-default wp-block-uagb-image--effect-static wp-block-uagb-image--align-none\"><figure class=\"wp-block-uagb-image__figure\"><img decoding=\"async\" srcset=\"https:\/\/wordpress-edwyt.wasmer.app\/wp-content\/uploads\/2026\/01\/nosotros-1.jpg ,https:\/\/wordpress-edwyt.wasmer.app\/wp-content\/uploads\/2026\/01\/nosotros-1.jpg 780w, https:\/\/wordpress-edwyt.wasmer.app\/wp-content\/uploads\/2026\/01\/nosotros-1.jpg 360w\" sizes=\"auto, (max-width: 480px) 150px\" src=\"https:\/\/wordpress-edwyt.wasmer.app\/wp-content\/uploads\/2026\/01\/nosotros-1.jpg\" alt=\"nosotros\" class=\"uag-image-676\" width=\"304\" height=\"330\" title=\"nosotros\" loading=\"lazy\" role=\"img\"\/><\/figure><\/div>\n\n\n\n<div class=\"wp-block-uagb-advanced-heading uagb-block-1a02e77d\"><h1 class=\"uagb-heading-text\">Creamos tu presencia digital de forma accesible<\/h1><\/div>\n<\/div><\/div>\n\n\n\n<div class=\"wp-block-uagb-container uagb-layout-grid uagb-block-8d60b172 alignfull uagb-is-root-container\"><div class=\"uagb-container-inner-blocks-wrap\">\n<div class=\"wp-block-uagb-separator uagb-block-f5959e00\"><div class=\"uagb-separator-spacing-wrapper\"><div class=\"wp-block-uagb-separator__inner\" style=\"--my-background-image:\"><\/div><\/div><\/div>\n\n\n\n<div class=\"wp-block-uagb-advanced-heading uagb-block-77d24e2b\"><h2 class=\"uagb-heading-text\">Conoce m\u00e1s sobre WebFabrica<\/h2><\/div>\n\n\n\n<div class=\"wp-block-uagb-container uagb-block-2fe8b1bc\">\n<div class=\"wp-block-uagb-advanced-heading uagb-block-10f5d053\"><p class=\"uagb-heading-text\">En WebFabrica, nos apasiona ayudar a las empresas j\u00f3venes a establecer su presencia en l\u00ednea. Ofrecemos sitios web autoadministrables a precios accesibles, incluyendo carritos de compra y servicios de dise\u00f1o gr\u00e1fico. Nuestro enfoque colorido y profesional garantiza que cada proyecto sea \u00fanico y est\u00e9 alineado con las necesidades de nuestros clientes. Nos dedicamos a acompa\u00f1arlos en cada paso, desde la creaci\u00f3n del sitio hasta la generaci\u00f3n de contenido.<\/p><p class=\"uagb-desc-text\">Hemos ayudado a m\u00faltiples empresas a aumentar su visibilidad y ventas en l\u00ednea significativamente.<\/p><\/div>\n\n\n\n<div class=\"wp-block-uagb-image uagb-block-d72ff795 wp-block-uagb-image--layout-default wp-block-uagb-image--effect-static wp-block-uagb-image--align-none\"><figure class=\"wp-block-uagb-image__figure\"><img decoding=\"async\" srcset=\"https:\/\/wordpress-edwyt.wasmer.app\/wp-content\/uploads\/2026\/01\/trusted-partner.jpg ,https:\/\/wordpress-edwyt.wasmer.app\/wp-content\/uploads\/2026\/01\/trusted-partner.jpg 780w, https:\/\/wordpress-edwyt.wasmer.app\/wp-content\/uploads\/2026\/01\/trusted-partner.jpg 360w\" sizes=\"auto, (max-width: 480px) 150px\" src=\"https:\/\/wordpress-edwyt.wasmer.app\/wp-content\/uploads\/2026\/01\/trusted-partner.jpg\" alt=\"trusted partner\" class=\"uag-image-655\" width=\"504\" height=\"300\" title=\"trusted partner\" loading=\"lazy\" role=\"img\"\/><\/figure><\/div>\n<\/div>\n<\/div><\/div>\n\n\n\n<div class=\"wp-block-uagb-container uagb-layout-grid uagb-block-cabc36b7 alignfull uagb-is-root-container\"><div class=\"uagb-container-inner-blocks-wrap\">      \n\t\t\t<div class=\"uagb-icon-wrapper uagb-block-be37fdd4      \"\n\t\t\tstyle=\"\" >\n\t\t\t\t\t\t\t\t\t<span class=\"uagb-svg-wrapper\" \n\t\t\t\t\t aria-label=\"chevron-right\"\t\t\t\t\ttabindex=\"0\">\t\t\n\t\t\t\t\t\t\t\t\t\t<svg xmlns=\"https:\/\/www.w3.org\/2000\/svg\" viewBox= \"0 0 320 512\" role=\"graphics-symbol\" aria-hidden=\"false\" aria-label=\"\"><path d=\"M96 480c-8.188 0-16.38-3.125-22.62-9.375c-12.5-12.5-12.5-32.75 0-45.25L242.8 256L73.38 86.63c-12.5-12.5-12.5-32.75 0-45.25s32.75-12.5 45.25 0l192 192c12.5 12.5 12.5 32.75 0 45.25l-192 192C112.4 476.9 104.2 480 96 480z\"><\/path><\/svg>\n\t\t\t\t\t\t\t\t\t<\/span>\n\t\t\t\t\t\t\t<\/div>\n\t\t\t\n\n\n<div class=\"wp-block-uagb-image uagb-block-00e2be4c wp-block-uagb-image--layout-default wp-block-uagb-image--effect-static wp-block-uagb-image--align-none uag-blocks-common-selector\" style=\"--z-index-desktop:1;;--z-index-tablet:1;;--z-index-mobile:undefined;\"><figure class=\"wp-block-uagb-image__figure\"><img decoding=\"async\" srcset=\"https:\/\/wordpress-edwyt.wasmer.app\/wp-content\/uploads\/2026\/01\/vision-2.jpg ,https:\/\/wordpress-edwyt.wasmer.app\/wp-content\/uploads\/2026\/01\/vision-2.jpg 780w, https:\/\/wordpress-edwyt.wasmer.app\/wp-content\/uploads\/2026\/01\/vision-2.jpg 360w\" sizes=\"auto, (max-width: 480px) 150px\" src=\"https:\/\/wordpress-edwyt.wasmer.app\/wp-content\/uploads\/2026\/01\/vision-2.jpg\" alt=\"vision\" class=\"uag-image-665\" width=\"304\" height=\"405\" title=\"vision\" loading=\"lazy\" role=\"img\"\/><\/figure><\/div>\n\n\n\n<div class=\"wp-block-uagb-container uag-blocks-common-selector uagb-block-c7c59b2e\">\n<div class=\"wp-block-uagb-info-box uagb-block-cdce3f95 uagb-infobox__content-wrap  uagb-infobox-icon-above-title uagb-infobox-image-valign-top\"><div class=\"uagb-ifb-content\"><div class=\"uagb-ifb-icon-wrap\"><svg xmlns=\"https:\/\/www.w3.org\/2000\/svg\" viewBox=\"0 0 448 512\"><path d=\"M96 96C42.98 96 0 138.1 0 192s42.98 96 96 96c11.28 0 21.95-2.305 32-5.879V288c0 35.3-28.7 64-64 64c-17.67 0-32 14.33-32 32s14.33 32 32 32c70.58 0 128-57.42 128-128V192C192 138.1 149 96 96 96zM448 192c0-53.02-42.98-96-96-96s-96 42.98-96 96s42.98 96 96 96c11.28 0 21.95-2.305 32-5.879V288c0 35.3-28.7 64-64 64c-17.67 0-32 14.33-32 32s14.33 32 32 32c70.58 0 128-57.42 128-128V192z\"><\/path><\/svg><\/div><div class=\"uagb-ifb-title-wrap\"><h3 class=\"uagb-ifb-title\">Nuestra misi\u00f3n es hacer que todos tengan acceso a una plataforma digital efectiva.<\/h3><\/div><p class=\"uagb-ifb-desc\">NEFTAL\u00cd CHOCANO, Fundador<\/p><\/div><\/div>\n<\/div>\n<\/div><\/div>\n\n\n\n<div class=\"wp-block-uagb-container uagb-layout-grid uagb-block-c64f81cf alignfull uagb-is-root-container\"><div class=\"uagb-container-inner-blocks-wrap\">\n<div class=\"wp-block-uagb-container uagb-layout-grid uagb-block-8722a718\">\n<div class=\"wp-block-uagb-separator uagb-block-40a1bc74\"><div class=\"uagb-separator-spacing-wrapper\"><div class=\"wp-block-uagb-separator__inner\" style=\"--my-background-image:\"><\/div><\/div><\/div>\n\n\n\n<div class=\"wp-block-uagb-advanced-heading uagb-block-9e8fb678\"><h2 class=\"uagb-heading-text\">WebFabrica se especializa en la creaci\u00f3n de e-commerce y p\u00e1ginas web de bajo costo, asegurando calidad y soporte para nuestros clientes. Ayud\u00e1ndolos a generar nuevos ingresos.<\/h2><\/div>\n<\/div>\n\n\n\n<div class=\"wp-block-uagb-image alignleft uagb-block-c5348d81 wp-block-uagb-image--layout-default wp-block-uagb-image--effect-static wp-block-uagb-image--align-left\"><figure class=\"wp-block-uagb-image__figure\"><img decoding=\"async\" srcset=\"https:\/\/wordpress-edwyt.wasmer.app\/wp-content\/uploads\/2026\/01\/journey-01-2.jpg ,https:\/\/wordpress-edwyt.wasmer.app\/wp-content\/uploads\/2026\/01\/journey-01-2.jpg 780w, https:\/\/wordpress-edwyt.wasmer.app\/wp-content\/uploads\/2026\/01\/journey-01-2.jpg 360w\" sizes=\"auto, (max-width: 480px) 150px\" src=\"https:\/\/wordpress-edwyt.wasmer.app\/wp-content\/uploads\/2026\/01\/journey-01-2.jpg\" alt=\"journey 01\" class=\"uag-image-663\" width=\"504\" height=\"500\" title=\"journey 01\" loading=\"lazy\" role=\"img\"\/><\/figure><\/div>\n<\/div><\/div>\n\n\n\n<div class=\"wp-block-uagb-container uagb-layout-grid uagb-block-807d08c9 alignfull uagb-is-root-container\"><div class=\"uagb-container-inner-blocks-wrap\">\n<div class=\"wp-block-uagb-container uagb-block-5443772e\">\n<div class=\"wp-block-uagb-image alignright uagb-block-58b67fa8 wp-block-uagb-image--layout-default wp-block-uagb-image--effect-static wp-block-uagb-image--align-right uag-blocks-common-selector\" style=\"--z-index-desktop:undefined;;--z-index-tablet:1;;--z-index-mobile:undefined;\"><figure class=\"wp-block-uagb-image__figure\"><img decoding=\"async\" srcset=\"https:\/\/wordpress-edwyt.wasmer.app\/wp-content\/uploads\/2026\/01\/journey-02-2.jpg ,https:\/\/wordpress-edwyt.wasmer.app\/wp-content\/uploads\/2026\/01\/journey-02-2.jpg 780w, https:\/\/wordpress-edwyt.wasmer.app\/wp-content\/uploads\/2026\/01\/journey-02-2.jpg 360w\" sizes=\"auto, (max-width: 480px) 150px\" src=\"https:\/\/wordpress-edwyt.wasmer.app\/wp-content\/uploads\/2026\/01\/journey-02-2.jpg\" alt=\"journey 02\" class=\"uag-image-662\" width=\"504\" height=\"270\" title=\"journey 02\" loading=\"lazy\" role=\"img\"\/><\/figure><\/div>\n<\/div>\n\n\n\n<div class=\"wp-block-uagb-advanced-heading uagb-block-eb224300\"><h2 class=\"uagb-heading-text\">Historia de WebFabrica: Creciendo Juntos en el Mundo Digital<\/h2><p class=\"uagb-desc-text\">Desde nuestros inicios, en WebFabrica hemos estado comprometidos con empoderar a las peque\u00f1as y medianas empresas en Chile. Nuestro viaje comenz\u00f3 con la visi\u00f3n de ofrecer sitios web accesibles y funcionales. A medida que crecimos, expandimos nuestros servicios para incluir dise\u00f1o gr\u00e1fico, marketing digital y soporte personalizado para cada cliente. Hoy, somos un referente en la creaci\u00f3n de soluciones digitales que realmente funcionan.<\/p><\/div>\n<\/div><\/div>\n\n\n\n<div class=\"wp-block-uagb-container uagb-layout-grid uagb-block-02c4e826 alignfull uagb-is-root-container\"><div class=\"uagb-container-inner-blocks-wrap\">      \n\t\t\t<div class=\"uagb-icon-wrapper uagb-block-35089def      \"\n\t\t\tstyle=\"\" >\n\t\t\t\t\t\t\t\t\t<span class=\"uagb-svg-wrapper\" \n\t\t\t\t\t aria-label=\"chevron-right\"\t\t\t\t\ttabindex=\"0\">\t\t\n\t\t\t\t\t\t\t\t\t\t<svg xmlns=\"https:\/\/www.w3.org\/2000\/svg\" viewBox= \"0 0 320 512\" role=\"graphics-symbol\" aria-hidden=\"false\" aria-label=\"\"><path d=\"M96 480c-8.188 0-16.38-3.125-22.62-9.375c-12.5-12.5-12.5-32.75 0-45.25L242.8 256L73.38 86.63c-12.5-12.5-12.5-32.75 0-45.25s32.75-12.5 45.25 0l192 192c12.5 12.5 12.5 32.75 0 45.25l-192 192C112.4 476.9 104.2 480 96 480z\"><\/path><\/svg>\n\t\t\t\t\t\t\t\t\t<\/span>\n\t\t\t\t\t\t\t<\/div>\n\t\t\t\n\n\n<div class=\"wp-block-uagb-container uagb-block-4e905271\">\n<div class=\"wp-block-uagb-info-box uagb-block-e4835e24 uagb-infobox__content-wrap  uagb-infobox-icon-above-title uagb-infobox-image-valign-top\"><div class=\"uagb-ifb-content\"><div class=\"uagb-ifb-title-wrap\"><p class=\"uagb-ifb-title-prefix\">\u00bfListo para empezar?<\/p><h2 class=\"uagb-ifb-title\">Descubre c\u00f3mo podemos ayudarte a crecer<\/h2><\/div><p class=\"uagb-ifb-desc\">Cont\u00e1ctanos hoy mismo por WhatsApp y descubre todas las posibilidades que te ofrecemos para tu negocio online.<\/p><div class=\"uagb-ifb-button-wrapper wp-block-button\"><a href=\"https:\/\/wa.me\/56979770664\" class=\"uagb-infobox-cta-link wp-block-button__link\" target=\"_self\" rel=\"noopener noreferrer\" onclick=\"return true;\"><span class=\"uagb-inline-editing\">\u00a1Comienza ahora!<\/span><\/a><\/div><\/div><\/div>\n<\/div>\n<\/div><\/div>\n","protected":false},"excerpt":{"rendered":"<p>Creamos tu presencia digital de forma accesible Conoce m\u00e1s sobre WebFabrica En WebFabrica, nos apasiona ayudar a las empresas j\u00f3venes [&hellip;]<\/p>\n","protected":false},"author":1,"featured_media":0,"parent":0,"menu_order":0,"comment_status":"closed","ping_status":"closed","template":"","meta":{"_uag_custom_page_level_css":"","site-sidebar-layout":"default","site-content-layout":"","ast-site-content-layout":"default","site-content-style":"default","site-sidebar-style":"default","ast-global-header-display":"","ast-banner-title-visibility":"","ast-main-header-display":"","ast-hfb-above-header-display":"","ast-hfb-below-header-display":"","ast-hfb-mobile-header-display":"","site-post-title":"disabled","ast-breadcrumbs-content":"","ast-featured-img":"","footer-sml-layout":"","ast-disable-related-posts":"","theme-transparent-header-meta":"enabled","adv-header-id-meta":"","stick-header-meta":"","header-above-stick-meta":"","header-main-stick-meta":"","header-below-stick-meta":"","astra-migrate-meta-layouts":"default","ast-page-background-enabled":"default","ast-page-background-meta":{"desktop":{"background-color":"var(--ast-global-color-4)","background-image":"","background-repeat":"repeat","background-position":"center center","background-size":"auto","background-attachment":"scroll","background-type":"","background-media":"","overlay-type":"","overlay-color":"","overlay-opacity":"","overlay-gradient":""},"tablet":{"background-color":"","background-image":"","background-repeat":"repeat","background-position":"center center","background-size":"auto","background-attachment":"scroll","background-type":"","background-media":"","overlay-type":"","overlay-color":"","overlay-opacity":"","overlay-gradient":""},"mobile":{"background-color":"","background-image":"","background-repeat":"repeat","background-position":"center center","background-size":"auto","background-attachment":"scroll","background-type":"","background-media":"","overlay-type":"","overlay-color":"","overlay-opacity":"","overlay-gradient":""}},"ast-content-background-meta":{"desktop":{"background-color":"var(--ast-global-color-5)","background-image":"","background-repeat":"repeat","background-position":"center center","background-size":"auto","background-attachment":"scroll","background-type":"","background-media":"","overlay-type":"","overlay-color":"","overlay-opacity":"","overlay-gradient":""},"tablet":{"background-color":"var(--ast-global-color-5)","background-image":"","background-repeat":"repeat","background-position":"center center","background-size":"auto","background-attachment":"scroll","background-type":"","background-media":"","overlay-type":"","overlay-color":"","overlay-opacity":"","overlay-gradient":""},"mobile":{"background-color":"var(--ast-global-color-5)","background-image":"","background-repeat":"repeat","background-position":"center center","background-size":"auto","background-attachment":"scroll","background-type":"","background-media":"","overlay-type":"","overlay-color":"","overlay-opacity":"","overlay-gradient":""}},"footnotes":""},"class_list":["post-290","page","type-page","status-publish","hentry"],"uagb_featured_image_src":{"full":false,"thumbnail":false,"medium":false,"medium_large":false,"large":false,"1536x1536":false,"2048x2048":false},"uagb_author_info":{"display_name":"wfadmin","author_link":"https:\/\/www.webfabrica.cl\/?author=1"},"uagb_comment_info":0,"uagb_excerpt":"Creamos tu presencia digital de forma accesible Conoce m\u00e1s sobre WebFabrica En WebFabrica, nos apasiona ayudar a las empresas j\u00f3venes [&hellip;]","_links":{"self":[{"href":"https:\/\/www.webfabrica.cl\/index.php?rest_route=\/wp\/v2\/pages\/290","targetHints":{"allow":["GET"]}}],"collection":[{"href":"https:\/\/www.webfabrica.cl\/index.php?rest_route=\/wp\/v2\/pages"}],"about":[{"href":"https:\/\/www.webfabrica.cl\/index.php?rest_route=\/wp\/v2\/types\/page"}],"author":[{"embeddable":true,"href":"https:\/\/www.webfabrica.cl\/index.php?rest_route=\/wp\/v2\/users\/1"}],"replies":[{"embeddable":true,"href":"https:\/\/www.webfabrica.cl\/index.php?rest_route=%2Fwp%2Fv2%2Fcomments&post=290"}],"version-history":[{"count":0,"href":"https:\/\/www.webfabrica.cl\/index.php?rest_route=\/wp\/v2\/pages\/290\/revisions"}],"wp:attachment":[{"href":"https:\/\/www.webfabrica.cl\/index.php?rest_route=%2Fwp%2Fv2%2Fmedia&parent=290"}],"curies":[{"name":"wp","href":"https:\/\/api.w.org\/{rel}","templated":true}]}}